{"id":475,"date":"2022-08-23T17:48:55","date_gmt":"2022-08-23T15:48:55","guid":{"rendered":"https:\/\/capoigny.fr\/?page_id=475"},"modified":"2025-05-12T10:08:05","modified_gmt":"2025-05-12T08:08:05","slug":"arts-manuels-et-loisirs-creatifs","status":"publish","type":"page","link":"https:\/\/capoigny.fr\/index.php\/arts-manuels-et-loisirs-creatifs\/","title":{"rendered":"Arts manuels et loisirs cr\u00e9atifs"},"content":{"rendered":"<div data-colibri-id=\"475-c1\" class=\"style-406 style-local-475-c1 position-relative\">\n  <!---->\n  <div data-colibri-component=\"section\" data-colibri-id=\"475-c2\" id=\"overlappable\" class=\"h-section h-section-global-spacing d-flex align-items-lg-center align-items-md-center align-items-center style-407 style-local-475-c2 position-relative\">\n    <!---->\n    <!---->\n    <div class=\"h-section-grid-container h-section-boxed-container\">\n      <!---->\n      <div data-colibri-id=\"475-c3\" class=\"h-row-container gutters-row-lg-0 gutters-row-md-0 gutters-row-0 gutters-row-v-lg-0 gutters-row-v-md-0 gutters-row-v-0 style-408 style-local-475-c3 position-relative\">\n        <!---->\n        <div class=\"h-row justify-content-lg-center justify-content-md-center justify-content-center align-items-lg-stretch align-items-md-stretch align-items-stretch gutters-col-lg-0 gutters-col-md-0 gutters-col-0 gutters-col-v-lg-0 gutters-col-v-md-0 gutters-col-v-0\">\n          <!---->\n          <div class=\"h-column h-column-container d-flex h-col-lg-auto h-col-md-auto h-col-auto style-409-outer style-local-475-c4-outer\">\n            <div data-colibri-id=\"475-c4\" class=\"d-flex h-flex-basis h-column__inner h-ui-empty-state-container h-px-lg-0 h-px-md-0 h-px-0 v-inner-lg-0 v-inner-md-0 v-inner-0 style-409 style-local-475-c4 position-relative\">\n              <!---->\n              <!---->\n              <div class=\"w-100 h-y-container h-column__content h-column__v-align flex-basis-100\">\n                <!---->\n              <\/div>\n            <\/div>\n          <\/div>\n          <div class=\"h-column h-column-container d-flex h-col-lg-auto h-col-md-auto h-col-auto style-410-outer style-local-475-c5-outer\">\n            <div data-colibri-id=\"475-c5\" class=\"d-flex h-flex-basis h-column__inner h-px-lg-2 h-px-md-2 h-px-2 v-inner-lg-2 v-inner-md-2 v-inner-2 style-410 style-local-475-c5 position-relative\">\n              <!---->\n              <!---->\n              <div class=\"w-100 h-y-container h-column__content h-column__v-align flex-basis-100 align-self-lg-center align-self-md-center align-self-center\">\n                <!---->\n                <div data-colibri-id=\"475-c6\" class=\"h-global-transition-all h-heading style-411 style-local-475-c6 position-relative h-element\">\n                  <!---->\n                  <div class=\"h-heading__outer style-411 style-local-475-c6\">\n                    <!---->\n                    <!---->\n                    <h4 class=\"\">loisirs creatifs scrapbooking<\/h4>\n                  <\/div>\n                <\/div>\n                <div data-colibri-id=\"475-c7\" class=\"h-text h-text-component style-412 style-local-475-c7 justifyClass position-relative h-element\">\n                  <!---->\n                  <!---->\n                  <div class=\"\">\n                    <p>Les arts manuels et loisirs cr\u00e9atifs regroupent le tricot, la couture, le scrapbooking, le pliage, et tout ce qui touche \u00e0 la d\u00e9coration.<\/p>\n                    <p>Ces activit\u00e9s sont tr\u00e8s importantes pour notre club. Elles r\u00e9unissent tous les vendredis au local du club Poigny une dizaine de b\u00e9n\u00e9voles qui imaginent et confectionnent les \u00e9l\u00e9ments qui servent de d\u00e9cor aux repas dansants que nous\n                      organisons tout au long de l&rsquo;ann\u00e9e.\n                      <br>\n                    <\/p>\n                  <\/div>\n                <\/div>\n                <div data-colibri-id=\"475-c8\" class=\"h-x-container style-413 style-local-475-c8 position-relative h-element\">\n                  <!---->\n                  <div class=\"h-x-container-inner style-dynamic-475-c8-group style-413-spacing style-local-475-c8-spacing\"><span class=\"h-button__outer style-414-outer style-local-475-c9-outer d-inline-flex h-element\"><a h-use-smooth-scroll=\"true\" href=\"https:\/\/capoigny.fr\/wp-content\/uploads\/2025\/01\/capoigny_bulletin_inscription_2025.pdf\" target=\"_blank\" rel=\"nofollow\"  data-colibri-id=\"475-c9\" class=\"d-flex w-100 align-items-center h-button justify-content-lg-center justify-content-md-center justify-content-center style-414 style-local-475-c9 position-relative\"><!----><!----> <span>INSCRIVEZ-VOUS<\/span><\/a>\n                    <\/span>\n                  <\/div>\n                <\/div>\n              <\/div>\n            <\/div>\n          <\/div>\n          <div class=\"h-column h-column-container d-flex h-col-lg-auto h-col-md-auto h-col-auto style-410-outer style-local-475-c10-outer\">\n            <div data-colibri-id=\"475-c10\" class=\"d-flex h-flex-basis h-column__inner h-px-lg-2 h-px-md-2 h-px-2 v-inner-lg-2 v-inner-md-2 v-inner-2 style-410 style-local-475-c10 position-relative\">\n              <!---->\n              <!---->\n              <div class=\"w-100 h-y-container h-column__content h-column__v-align flex-basis-100 align-self-lg-center align-self-md-center align-self-center\">\n                <!---->\n                <div data-colibri-id=\"475-c11\" class=\"h-global-transition-all h-heading style-411 style-local-475-c11 position-relative h-element\">\n                  <!---->\n                  <div class=\"h-heading__outer style-411 style-local-475-c11\">\n                    <!---->\n                    <!---->\n                    <h4 class=\"\">ARTS MANUELS et Loisirs creatifs<\/h4>\n                  <\/div>\n                <\/div>\n                <div data-colibri-id=\"475-c12\" class=\"h-text h-text-component style-412 style-local-475-c12 justifyClass position-relative h-element\">\n                  <!---->\n                  <!---->\n                  <div class=\"\">\n                    <p>Vous poss\u00e9dez des talents et avez un esprit cr\u00e9atif !!!<\/p>\n                    <p>Alors, n&rsquo;h\u00e9sitez pas \u00e0 venir les rejoindre, faites-vous conna\u00eetre !!!<\/p>\n                  <\/div>\n                <\/div>\n                <div data-colibri-id=\"475-c13\" class=\"h-x-container style-413 style-local-475-c13 position-relative h-element\">\n                  <!---->\n                  <div class=\"h-x-container-inner style-dynamic-475-c13-group style-413-spacing style-local-475-c13-spacing\"><span class=\"h-button__outer style-414-outer style-local-475-c14-outer d-inline-flex h-element\"><a h-use-smooth-scroll=\"true\" href=\"https:\/\/capoigny.fr\/wp-content\/uploads\/2025\/01\/capoigny_bulletin_inscription_2025.pdf\" target=\"_blank\" rel=\"nofollow\"  data-colibri-id=\"475-c14\" class=\"d-flex w-100 align-items-center h-button justify-content-lg-center justify-content-md-center justify-content-center style-414 style-local-475-c14 position-relative\"><!----><!----> <span>INSCRIVEZ-VOUS<\/span><\/a>\n                    <\/span>\n                  <\/div>\n                <\/div>\n              <\/div>\n            <\/div>\n          <\/div>\n          <div class=\"h-column h-column-container d-flex h-col-lg-auto h-col-md-auto h-col-auto style-415-outer style-local-475-c15-outer\">\n            <div data-colibri-id=\"475-c15\" class=\"d-flex h-flex-basis h-column__inner h-ui-empty-state-container h-px-lg-0 h-px-md-0 h-px-0 v-inner-lg-0 v-inner-md-0 v-inner-0 style-415 style-local-475-c15 position-relative\">\n              <!---->\n              <!---->\n              <div class=\"w-100 h-y-container h-column__content h-column__v-align flex-basis-100\">\n                <!---->\n              <\/div>\n            <\/div>\n          <\/div>\n        <\/div>\n      <\/div>\n    <\/div>\n  <\/div>\n<\/div>","protected":false},"excerpt":{"rendered":"<p>loisirs creatifs scrapbooking Les arts manuels et loisirs cr\u00e9atifs regroupent le tricot, la couture, le scrapbooking, le pliage, et tout ce qui touche \u00e0 la d\u00e9coration. Ces activit\u00e9s sont tr\u00e8s importantes pour notre club. Elles r\u00e9unissent tous les vendredis au local du club Poigny une dizaine de b\u00e9n\u00e9voles qui imaginent et confectionnent les \u00e9l\u00e9ments qui [&hellip;]<\/p>\n","protected":false},"author":1,"featured_media":0,"parent":0,"menu_order":0,"comment_status":"closed","ping_status":"closed","template":"page-templates\/full-width-page.php","meta":{"footnotes":""},"class_list":["post-475","page","type-page","status-publish","hentry"],"jetpack_likes_enabled":true,"jetpack_sharing_enabled":true,"_links":{"self":[{"href":"https:\/\/capoigny.fr\/index.php\/wp-json\/wp\/v2\/pages\/475","targetHints":{"allow":["GET"]}}],"collection":[{"href":"https:\/\/capoigny.fr\/index.php\/wp-json\/wp\/v2\/pages"}],"about":[{"href":"https:\/\/capoigny.fr\/index.php\/wp-json\/wp\/v2\/types\/page"}],"author":[{"embeddable":true,"href":"https:\/\/capoigny.fr\/index.php\/wp-json\/wp\/v2\/users\/1"}],"replies":[{"embeddable":true,"href":"https:\/\/capoigny.fr\/index.php\/wp-json\/wp\/v2\/comments?post=475"}],"version-history":[{"count":15,"href":"https:\/\/capoigny.fr\/index.php\/wp-json\/wp\/v2\/pages\/475\/revisions"}],"predecessor-version":[{"id":16358,"href":"https:\/\/capoigny.fr\/index.php\/wp-json\/wp\/v2\/pages\/475\/revisions\/16358"}],"wp:attachment":[{"href":"https:\/\/capoigny.fr\/index.php\/wp-json\/wp\/v2\/media?parent=475"}],"curies":[{"name":"wp","href":"https:\/\/api.w.org\/{rel}","templated":true}]}}