{"id":6,"date":"2022-06-15T15:46:42","date_gmt":"2022-06-15T13:46:42","guid":{"rendered":"http:\/\/capoigny.fr\/?page_id=6"},"modified":"2025-05-10T15:18:10","modified_gmt":"2025-05-10T13:18:10","slug":"presentation","status":"publish","type":"page","link":"https:\/\/capoigny.fr\/index.php\/presentation\/","title":{"rendered":"\u00c0 propos du Club POIGNY"},"content":{"rendered":"<div data-colibri-id=\"6-c1\" class=\"style-430 style-local-6-c1 position-relative\">\n  <!---->\n  <div data-colibri-component=\"section\" data-colibri-id=\"6-c2\" id=\"about\" class=\"h-section h-section-global-spacing d-flex align-items-lg-center align-items-md-center align-items-center style-596 style-local-6-c2 position-relative\">\n    <!---->\n    <!---->\n    <div class=\"h-section-grid-container h-section-boxed-container\">\n      <!---->\n      <div data-colibri-id=\"6-c3\" class=\"h-row-container gutters-row-lg-0 gutters-row-md-0 gutters-row-0 gutters-row-v-lg-0 gutters-row-v-md-0 gutters-row-v-0 style-597 style-local-6-c3 position-relative\">\n        <!---->\n        <div class=\"h-row justify-content-lg-center justify-content-md-center justify-content-center align-items-lg-stretch align-items-md-stretch align-items-stretch gutters-col-lg-0 gutters-col-md-0 gutters-col-0 gutters-col-v-lg-0 gutters-col-v-md-0 gutters-col-v-0\">\n          <!---->\n          <div class=\"h-column h-column-container d-flex h-col-lg-auto h-col-md-auto h-col-auto style-598-outer style-local-6-c4-outer\">\n            <div data-colibri-id=\"6-c4\" class=\"d-flex h-flex-basis h-column__inner h-px-lg-0 h-px-md-0 h-px-0 v-inner-lg-0 v-inner-md-0 v-inner-0 style-598 style-local-6-c4 position-relative\">\n              <!---->\n              <!---->\n              <div class=\"w-100 h-y-container h-column__content h-column__v-align flex-basis-100 align-self-lg-start align-self-md-start align-self-start\">\n                <!---->\n                <div data-colibri-id=\"6-c5\" class=\"h-global-transition-all h-heading style-599 style-local-6-c5 position-relative h-element\">\n                  <!---->\n                  <div class=\"h-heading__outer style-599 style-local-6-c5\">\n                    <!---->\n                    <!---->\n                    <h5 class=\"\">A propos de nous<\/h5>\n                  <\/div>\n                <\/div>\n                <div data-colibri-id=\"6-c6\" class=\"h-global-transition-all h-heading style-600 style-local-6-c6 position-relative h-element\">\n                  <!---->\n                  <div class=\"h-heading__outer style-600 style-local-6-c6\">\n                    <!---->\n                    <!---->\n                    <h2 class=\"\">Un succ\u00e8s collectif et une association ouverte \u00e0 tous<\/h2>\n                  <\/div>\n                <\/div>\n                <div data-colibri-id=\"6-c7\" class=\"h-text h-text-component style-601 style-local-6-c7 justifyClass position-relative h-element\">\n                  <!---->\n                  <!---->\n                  <div class=\"\">\n                    <p>Le succ\u00e8s du club Andr\u00e9 POIGNY provient sans doute de la diversit\u00e9 des activit\u00e9s propos\u00e9es et de la disponibilit\u00e9 de ses responsables \u00e0 \u00eatre pr\u00e9sents dans toutes les circonstances. Pour une adh\u00e9sion annuelle modique, les membres de\n                      notre association sont majoritairement des habitants du quartier, mais nous acceptons volontiers tous ceux venus d&rsquo;ailleurs. Les repas dansants que nous organisons chaque mois, except\u00e9 en juillet et ao\u00fbt, \u00e0 la maison de quartier\n                      Pierre GUEDOU sont \u00e0 chaque fois un v\u00e9ritable challenge. Ils attirent \u00e0 chaque fois plus de 200 personnes<\/p>\n                    <p>\n                      <br>\n                    <\/p>\n                    <p>\n                      <br>\n                    <\/p>\n                  <\/div>\n                <\/div>\n              <\/div>\n            <\/div>\n          <\/div>\n          <div class=\"h-column h-column-container d-flex h-col-lg-auto h-col-md-auto h-col-auto style-602-outer style-local-6-c8-outer\">\n            <div data-colibri-id=\"6-c8\" class=\"d-flex h-flex-basis h-column__inner h-ui-empty-state-container h-px-lg-2 h-px-md-2 h-px-2 v-inner-lg-2 v-inner-md-2 v-inner-2 style-602 style-local-6-c8 position-relative\">\n              <!---->\n              <!---->\n              <div class=\"w-100 h-y-container h-column__content h-column__v-align flex-basis-100\">\n                <!---->\n              <\/div>\n            <\/div>\n          <\/div>\n        <\/div>\n      <\/div>\n      <div data-colibri-id=\"6-c9\" class=\"h-row-container gutters-row-lg-2 gutters-row-md-2 gutters-row-0 gutters-row-v-lg-2 gutters-row-v-md-2 gutters-row-v-2 style-1692 style-local-6-c9 position-relative\">\n        <!---->\n        <div class=\"h-row justify-content-lg-center justify-content-md-center justify-content-center align-items-lg-stretch align-items-md-stretch align-items-stretch gutters-col-lg-2 gutters-col-md-2 gutters-col-0 gutters-col-v-lg-2 gutters-col-v-md-2 gutters-col-v-2\">\n          <!---->\n          <div class=\"h-column h-column-container d-flex h-col-lg-auto h-col-md-auto h-col-auto style-1693-outer style-local-6-c10-outer\">\n            <div data-colibri-id=\"6-c10\" class=\"d-flex h-flex-basis h-column__inner h-px-lg-2 h-px-md-2 h-px-2 v-inner-lg-2 v-inner-md-2 v-inner-2 style-1693 style-local-6-c10 position-relative\">\n              <!---->\n              <!---->\n              <div class=\"w-100 h-y-container h-column__content h-column__v-align flex-basis-100 align-self-lg-start align-self-md-start align-self-start\">\n                <!---->\n                <div data-colibri-id=\"6-c12\" class=\"h-global-transition-all h-heading style-1695 style-local-6-c12 position-relative h-element\">\n                  <!---->\n                  <div class=\"h-heading__outer style-1695 style-local-6-c12\">\n                    <!---->\n                    <!---->\n                    <h2 class=\"\"><span style=\"font-family: Convergence;\">Le local du club apr\u00e8s les travaux<\/span><\/h2>\n                  <\/div>\n                <\/div>\n                <div data-colibri-id=\"6-c16\" class=\"d-block style-1699 style-local-6-c16 position-relative h-element\">\n                  <!---->\n                  <div class=\"h-image__frame-container-outer\">\n                    <div class=\"h-image__frame-container\">\n                      <!---->\n                      <!---->\n                      <img loading=\"lazy\" decoding=\"async\" width=\"2560\" height=\"1920\" data-attachment-id=\"16283\" data-permalink=\"https:\/\/capoigny.fr\/capoigny_local_2025_cadre\/\" data-orig-file=\"https:\/\/capoigny.fr\/wp-content\/uploads\/2025\/05\/capoigny_local_2025_cadre-scaled.jpg\" data-orig-size=\"2560,1920\" data-comments-opened=\"1\" data-image-meta=\"{&quot;aperture&quot;:&quot;0&quot;,&quot;credit&quot;:&quot;&quot;,&quot;camera&quot;:&quot;&quot;,&quot;caption&quot;:&quot;&quot;,&quot;created_timestamp&quot;:&quot;0&quot;,&quot;copyright&quot;:&quot;&quot;,&quot;focal_length&quot;:&quot;0&quot;,&quot;iso&quot;:&quot;0&quot;,&quot;shutter_speed&quot;:&quot;0&quot;,&quot;title&quot;:&quot;&quot;,&quot;orientation&quot;:&quot;0&quot;}\" data-image-title=\"capoigny_local_2025_cadre\" data-image-description=\"&lt;p&gt;Club Andr\u00e9 POIGNY &amp;#8211; Le Mans &amp;#8211; Local du club &amp;#8211; 2 Place Georges Gauthier 72100 Le Mans&lt;\/p&gt;\n\" data-image-caption=\"&lt;p&gt;Club Andr\u00e9 POIGNY &amp;#8211; Le Mans &amp;#8211; Local du club &amp;#8211; 2 Place Georges Gauthier 72100 Le Mans&lt;\/p&gt;\n\" data-large-file=\"https:\/\/capoigny.fr\/wp-content\/uploads\/2025\/05\/capoigny_local_2025_cadre-scaled.jpg\" src=\"https:\/\/capoigny.fr\/wp-content\/uploads\/2025\/05\/capoigny_local_2025_cadre-scaled.jpg\" class=\"wp-image-16283 style-1699-image style-local-6-c16-image\" alt=\"Club Andr\u00e9 POIGNY - Le Mans - Local du club - 2 Place Georges Gauthier 72100 Le Mans\" srcset=\"https:\/\/capoigny.fr\/wp-content\/uploads\/2025\/05\/capoigny_local_2025_cadre-scaled.jpg 2560w, https:\/\/capoigny.fr\/wp-content\/uploads\/2025\/05\/capoigny_local_2025_cadre-300x225.jpg 300w\" sizes=\"auto, (max-width: 2560px) 100vw, 2560px\" \/>\n                      <div class=\"h-image__frame h-hide-lg h-hide-md h-hide-sm style-1699-frameImage style-local-6-c16-frameImage\"><\/div>\n                    <\/div>\n                  <\/div>\n                <\/div>\n              <\/div>\n            <\/div>\n          <\/div>\n        <\/div>\n      <\/div>\n    <\/div>\n  <\/div>\n<\/div>","protected":false},"excerpt":{"rendered":"<p>A propos de nous Un succ\u00e8s collectif et une association ouverte \u00e0 tous Le succ\u00e8s du club Andr\u00e9 POIGNY provient sans doute de la diversit\u00e9 des activit\u00e9s propos\u00e9es et de la disponibilit\u00e9 de ses responsables \u00e0 \u00eatre pr\u00e9sents dans toutes les circonstances. Pour une adh\u00e9sion annuelle modique, les membres de notre association sont majoritairement des [&hellip;]<\/p>\n","protected":false},"author":1,"featured_media":0,"parent":0,"menu_order":0,"comment_status":"closed","ping_status":"closed","template":"page-templates\/full-width-page.php","meta":{"footnotes":""},"class_list":["post-6","page","type-page","status-publish","hentry"],"jetpack_likes_enabled":true,"jetpack_sharing_enabled":true,"_links":{"self":[{"href":"https:\/\/capoigny.fr\/index.php\/wp-json\/wp\/v2\/pages\/6","targetHints":{"allow":["GET"]}}],"collection":[{"href":"https:\/\/capoigny.fr\/index.php\/wp-json\/wp\/v2\/pages"}],"about":[{"href":"https:\/\/capoigny.fr\/index.php\/wp-json\/wp\/v2\/types\/page"}],"author":[{"embeddable":true,"href":"https:\/\/capoigny.fr\/index.php\/wp-json\/wp\/v2\/users\/1"}],"replies":[{"embeddable":true,"href":"https:\/\/capoigny.fr\/index.php\/wp-json\/wp\/v2\/comments?post=6"}],"version-history":[{"count":16,"href":"https:\/\/capoigny.fr\/index.php\/wp-json\/wp\/v2\/pages\/6\/revisions"}],"predecessor-version":[{"id":16294,"href":"https:\/\/capoigny.fr\/index.php\/wp-json\/wp\/v2\/pages\/6\/revisions\/16294"}],"wp:attachment":[{"href":"https:\/\/capoigny.fr\/index.php\/wp-json\/wp\/v2\/media?parent=6"}],"curies":[{"name":"wp","href":"https:\/\/api.w.org\/{rel}","templated":true}]}}