{"id":6588,"date":"2024-06-10T09:16:27","date_gmt":"2024-06-10T07:16:27","guid":{"rendered":"https:\/\/capoigny.fr\/?page_id=6588"},"modified":"2024-09-07T18:52:08","modified_gmt":"2024-09-07T16:52:08","slug":"genealogie","status":"publish","type":"page","link":"https:\/\/capoigny.fr\/index.php\/genealogie\/","title":{"rendered":"G\u00e9n\u00e9alogie"},"content":{"rendered":"<div data-colibri-id=\"6588-c1\" class=\"style-1115 style-local-6588-c1 position-relative\">\n  <!---->\n  <div data-colibri-component=\"section\" data-colibri-id=\"6588-c2\" id=\"overlappable\" class=\"h-section h-section-global-spacing d-flex align-items-lg-center align-items-md-center align-items-center style-1116 style-local-6588-c2 position-relative\">\n    <!---->\n    <!---->\n    <div class=\"h-section-grid-container h-section-boxed-container\">\n      <!---->\n      <div data-colibri-id=\"6588-c3\" class=\"h-row-container gutters-row-lg-0 gutters-row-md-0 gutters-row-0 gutters-row-v-lg-0 gutters-row-v-md-0 gutters-row-v-0 style-1117 style-local-6588-c3 position-relative\">\n        <!---->\n        <div class=\"h-row justify-content-lg-center justify-content-md-center justify-content-center align-items-lg-stretch align-items-md-stretch align-items-stretch gutters-col-lg-0 gutters-col-md-0 gutters-col-0 gutters-col-v-lg-0 gutters-col-v-md-0 gutters-col-v-0\">\n          <!---->\n          <div class=\"h-column h-column-container d-flex h-col-lg-auto h-col-md-auto h-col-auto style-1118-outer style-local-6588-c4-outer\">\n            <div data-colibri-id=\"6588-c4\" class=\"d-flex h-flex-basis h-column__inner h-ui-empty-state-container h-px-lg-0 h-px-md-0 h-px-0 v-inner-lg-0 v-inner-md-0 v-inner-0 style-1118 style-local-6588-c4 position-relative\">\n              <!---->\n              <!---->\n              <div class=\"w-100 h-y-container h-column__content h-column__v-align flex-basis-100\">\n                <!---->\n              <\/div>\n            <\/div>\n          <\/div>\n          <div class=\"h-column h-column-container d-flex h-col-lg-auto h-col-md-auto h-col-auto style-1119-outer style-local-6588-c5-outer\">\n            <div data-colibri-id=\"6588-c5\" class=\"d-flex h-flex-basis h-column__inner h-px-lg-2 h-px-md-2 h-px-2 v-inner-lg-2 v-inner-md-2 v-inner-2 style-1119 style-local-6588-c5 position-relative\">\n              <!---->\n              <!---->\n              <div class=\"w-100 h-y-container h-column__content h-column__v-align flex-basis-100 align-self-lg-center align-self-md-center align-self-center\">\n                <!---->\n                <div data-colibri-id=\"6588-c6\" class=\"h-global-transition-all h-heading style-1120 style-local-6588-c6 position-relative h-element\">\n                  <!---->\n                  <div class=\"h-heading__outer style-1120 style-local-6588-c6\">\n                    <!---->\n                    <!---->\n                    <h4 class=\"\">Recherche et entraide sur la g\u00e9n\u00e9alogie familiale<\/h4>\n                  <\/div>\n                <\/div>\n                <div data-colibri-id=\"6588-c7\" class=\"h-text h-text-component style-1121 style-local-6588-c7 justifyClass position-relative h-element\">\n                  <!---->\n                  <!---->\n                  <div class=\"\">\n                    <p>Venez pratiquer la g\u00e9n\u00e9alogie avec des passionn\u00e9s de cette discipline. Retrouvez vos anc\u00eatres, apprenez \u00e0 utiliser les outils relatifs \u00e0 la g\u00e9n\u00e9alogie (archives d\u00e9partementales, insee)<\/p>\n                    <h5>Le but de cette activit\u00e9 anim\u00e9e par <span style=\"font-family: Convergence;\">Philippe BRIFAUT<\/span> est de faciliter la recherche et l&rsquo;\u00e9tude g\u00e9n\u00e9alogique sur le d\u00e9partement de la Sarthe et ailleurs, de favoriser les relations et les\n                      \u00e9changes entre les adh\u00e9rents du club<\/h5>\n                  <\/div>\n                <\/div>\n                <div data-colibri-id=\"6588-c8\" class=\"h-x-container style-1122 style-local-6588-c8 position-relative h-element\">\n                  <!---->\n                  <div class=\"h-x-container-inner style-dynamic-6588-c8-group style-1122-spacing style-local-6588-c8-spacing\"><span class=\"h-button__outer style-1123-outer style-local-6588-c9-outer d-inline-flex h-element\"><a h-use-smooth-scroll=\"true\" href=\"\"  data-colibri-id=\"6588-c9\" class=\"d-flex w-100 align-items-center h-button justify-content-lg-center justify-content-md-center justify-content-center style-1123 style-local-6588-c9 position-relative\"><!----><!----> <span>rejoignez-nous<\/span><\/a>\n                    <\/span>\n                  <\/div>\n                <\/div>\n              <\/div>\n            <\/div>\n          <\/div>\n          <div class=\"h-column h-column-container d-flex h-col-lg-auto h-col-md-auto h-col-auto style-1119-outer style-local-6588-c10-outer\">\n            <div data-colibri-id=\"6588-c10\" class=\"d-flex h-flex-basis h-column__inner h-px-lg-2 h-px-md-2 h-px-2 v-inner-lg-2 v-inner-md-2 v-inner-2 style-1119 style-local-6588-c10 position-relative\">\n              <!---->\n              <!---->\n              <div class=\"w-100 h-y-container h-column__content h-column__v-align flex-basis-100 align-self-lg-center align-self-md-center align-self-center\">\n                <!---->\n                <div data-colibri-id=\"6588-c11\" class=\"h-global-transition-all h-heading style-1120 style-local-6588-c11 position-relative h-element\">\n                  <!---->\n                  <div class=\"h-heading__outer style-1120 style-local-6588-c11\">\n                    <!---->\n                    <!---->\n                    <h4 class=\"\">la g\u00e9n\u00e9alogie, d\u00e9couvrir son pass\u00e9<\/h4>\n                  <\/div>\n                <\/div>\n                <div data-colibri-id=\"6588-c12\" class=\"h-text h-text-component style-1121 style-local-6588-c12 justifyClass position-relative h-element\">\n                  <!---->\n                  <!---->\n                  <div class=\"\">\n                    <p>La g\u00e9n\u00e9alogie comprend \u00e9galement la recherche du pass\u00e9 (lieux de vie, villes, villages, m\u00e9tiers, us et coutumes, f\u00eates, traditions locales&#8230;). Elle permet de remonter le temps, pour mieux conna\u00eetre le pr\u00e9sent. <\/p>\n                  <\/div>\n                <\/div>\n                <div data-colibri-id=\"6588-c13\" class=\"h-x-container style-1122 style-local-6588-c13 position-relative h-element\">\n                  <!---->\n                  <div class=\"h-x-container-inner style-dynamic-6588-c13-group style-1122-spacing style-local-6588-c13-spacing\"><span class=\"h-button__outer style-1123-outer style-local-6588-c14-outer d-inline-flex h-element\"><a h-use-smooth-scroll=\"true\" href=\"\"  data-colibri-id=\"6588-c14\" class=\"d-flex w-100 align-items-center h-button justify-content-lg-center justify-content-md-center justify-content-center style-1123 style-local-6588-c14 position-relative\"><!----><!----> <span>inscrivez-vous<\/span><\/a>\n                    <\/span>\n                  <\/div>\n                <\/div>\n              <\/div>\n            <\/div>\n          <\/div>\n          <div class=\"h-column h-column-container d-flex h-col-lg-auto h-col-md-auto h-col-auto style-1124-outer style-local-6588-c15-outer\">\n            <div data-colibri-id=\"6588-c15\" class=\"d-flex h-flex-basis h-column__inner h-ui-empty-state-container h-px-lg-0 h-px-md-0 h-px-0 v-inner-lg-0 v-inner-md-0 v-inner-0 style-1124 style-local-6588-c15 position-relative\">\n              <!---->\n              <!---->\n              <div class=\"w-100 h-y-container h-column__content h-column__v-align flex-basis-100\">\n                <!---->\n              <\/div>\n            <\/div>\n          <\/div>\n        <\/div>\n      <\/div>\n    <\/div>\n  <\/div>\n<\/div>","protected":false},"excerpt":{"rendered":"<p>Recherche et entraide sur la g\u00e9n\u00e9alogie familiale Venez pratiquer la g\u00e9n\u00e9alogie avec des passionn\u00e9s de cette discipline. Retrouvez vos anc\u00eatres, apprenez \u00e0 utiliser les outils relatifs \u00e0 la g\u00e9n\u00e9alogie (archives d\u00e9partementales, insee) Le but de cette activit\u00e9 anim\u00e9e par Philippe BRIFAUT est de faciliter la recherche et l&rsquo;\u00e9tude g\u00e9n\u00e9alogique sur le d\u00e9partement de la Sarthe [&hellip;]<\/p>\n","protected":false},"author":1,"featured_media":0,"parent":0,"menu_order":0,"comment_status":"closed","ping_status":"closed","template":"page-templates\/full-width-page.php","meta":{"footnotes":""},"class_list":["post-6588","page","type-page","status-publish","hentry"],"jetpack_likes_enabled":true,"jetpack_sharing_enabled":true,"_links":{"self":[{"href":"https:\/\/capoigny.fr\/index.php\/wp-json\/wp\/v2\/pages\/6588","targetHints":{"allow":["GET"]}}],"collection":[{"href":"https:\/\/capoigny.fr\/index.php\/wp-json\/wp\/v2\/pages"}],"about":[{"href":"https:\/\/capoigny.fr\/index.php\/wp-json\/wp\/v2\/types\/page"}],"author":[{"embeddable":true,"href":"https:\/\/capoigny.fr\/index.php\/wp-json\/wp\/v2\/users\/1"}],"replies":[{"embeddable":true,"href":"https:\/\/capoigny.fr\/index.php\/wp-json\/wp\/v2\/comments?post=6588"}],"version-history":[{"count":5,"href":"https:\/\/capoigny.fr\/index.php\/wp-json\/wp\/v2\/pages\/6588\/revisions"}],"predecessor-version":[{"id":7434,"href":"https:\/\/capoigny.fr\/index.php\/wp-json\/wp\/v2\/pages\/6588\/revisions\/7434"}],"wp:attachment":[{"href":"https:\/\/capoigny.fr\/index.php\/wp-json\/wp\/v2\/media?parent=6588"}],"curies":[{"name":"wp","href":"https:\/\/api.w.org\/{rel}","templated":true}]}}