{"id":8157,"date":"2024-10-03T09:16:27","date_gmt":"2024-10-03T07:16:27","guid":{"rendered":"https:\/\/capoigny.fr\/?page_id=8157"},"modified":"2026-04-27T11:32:14","modified_gmt":"2026-04-27T09:32:14","slug":"chiffres-2","status":"publish","type":"page","link":"https:\/\/capoigny.fr\/index.php\/chiffres-2\/","title":{"rendered":"Le club POIGNY en quelques chiffres"},"content":{"rendered":"<div data-colibri-id=\"8157-c1\" class=\"style-1364 style-local-8157-c1 position-relative\">\n  <!---->\n  <div data-colibri-component=\"section\" data-colibri-id=\"8157-c2\" id=\"counters\" class=\"h-section h-section-global-spacing d-flex align-items-lg-center align-items-md-center align-items-center style-1365 style-local-8157-c2 position-relative\">\n    <div class=\"background-wrapper\">\n      <div class=\"background-layer background-layer-media-container-lg\">\n        <!---->\n        <div class=\"overlay-layer\">\n          <div class=\"overlay-image-layer\" style=\"background-color: rgb(0, 0, 0); opacity: 0.5;\"><\/div>\n        <\/div>\n      <\/div>\n      <div class=\"background-layer background-layer-media-container-md\">\n        <!---->\n        <div class=\"overlay-layer\">\n          <div class=\"overlay-image-layer\" style=\"background-color: rgb(0, 0, 0); opacity: 0.5;\"><\/div>\n        <\/div>\n      <\/div>\n      <div class=\"background-layer background-layer-media-container\">\n        <!---->\n        <div class=\"overlay-layer\">\n          <div class=\"overlay-image-layer\" style=\"background-color: rgb(0, 0, 0); opacity: 0.5;\"><\/div>\n        <\/div>\n      <\/div>\n    <\/div>\n    <!---->\n    <div class=\"h-section-grid-container h-section-boxed-container\">\n      <div data-colibri-id=\"8157-c18\" class=\"h-row-container gutters-row-lg-2 gutters-row-md-2 gutters-row-0 gutters-row-v-lg-2 gutters-row-v-md-2 gutters-row-v-2 style-1370 style-local-8157-c18 position-relative\">\n        <!---->\n        <div class=\"h-row justify-content-lg-center justify-content-md-center justify-content-center align-items-lg-stretch align-items-md-stretch align-items-stretch gutters-col-lg-2 gutters-col-md-2 gutters-col-0 gutters-col-v-lg-2 gutters-col-v-md-2 gutters-col-v-2\">\n          <!---->\n          <div class=\"h-column h-column-container d-flex h-col-lg-auto h-col-md-auto h-col-auto style-1371-outer style-local-8157-c19-outer\">\n            <div data-colibri-id=\"8157-c19\" class=\"d-flex h-flex-basis h-column__inner h-px-lg-2 h-px-md-2 h-px-2 v-inner-lg-2 v-inner-md-2 v-inner-2 style-1371 style-local-8157-c19 position-relative\">\n              <!---->\n              <!---->\n              <div class=\"w-100 h-y-container h-column__content h-column__v-align flex-basis-100 align-self-lg-start align-self-md-start align-self-start\">\n                <!---->\n                <div data-colibri-id=\"8157-c20\" class=\"h-global-transition-all h-heading style-1372 style-local-8157-c20 position-relative h-element\">\n                  <!---->\n                  <div class=\"h-heading__outer style-1372 style-local-8157-c20\">\n                    <!---->\n                    <!---->\n                    <h2 class=\"\"><span style=\"font-family: Lemonada; font-weight: 600; font-size: 72%;\">Le club Poigny en quelques chiffres au 27\/04\/2026&nbsp; 11:30<\/span><\/h2>\n                  <\/div>\n                <\/div>\n              <\/div>\n            <\/div>\n          <\/div>\n        <\/div>\n      <\/div>\n      <div data-colibri-id=\"8157-c21\" class=\"h-row-container gutters-row-lg-2 gutters-row-md-2 gutters-row-0 gutters-row-v-lg-2 gutters-row-v-md-2 gutters-row-v-2 style-1373 style-local-8157-c21 position-relative\">\n        <!---->\n        <div class=\"h-row justify-content-lg-center justify-content-md-center justify-content-center align-items-lg-stretch align-items-md-stretch align-items-stretch gutters-col-lg-2 gutters-col-md-2 gutters-col-0 gutters-col-v-lg-2 gutters-col-v-md-2 gutters-col-v-2\">\n          <!---->\n          <div class=\"h-column h-column-container d-flex h-col-lg-auto h-col-md-auto h-col-auto style-1374-outer style-local-8157-c22-outer\">\n            <div data-colibri-id=\"8157-c22\" class=\"d-flex h-flex-basis h-column__inner h-px-lg-2 h-px-md-2 h-px-2 v-inner-lg-2 v-inner-md-2 v-inner-2 style-1374 style-local-8157-c22 position-relative\">\n              <!---->\n              <!---->\n              <div class=\"w-100 h-y-container h-column__content h-column__v-align flex-basis-100 align-self-lg-start align-self-md-start align-self-start\">\n                <!---->\n                <div data-colibri-id=\"8157-c23\" class=\"h-text h-text-component style-1376 style-local-8157-c23 position-relative h-element\">\n                  <!---->\n                  <!---->\n                  <div class=\"\">\n                    <p>Adh\u00e9sion 13\u20ac pour 2026 (1er janvier au 31 d\u00e9cembre)<\/p>\n                  <\/div>\n                <\/div>\n              <\/div>\n            <\/div>\n          <\/div>\n          <div class=\"h-column h-column-container d-flex h-col-lg-auto h-col-md-auto h-col-auto style-1375-outer style-local-8157-c24-outer\">\n            <div data-colibri-id=\"8157-c24\" class=\"d-flex h-flex-basis h-column__inner h-px-lg-2 h-px-md-2 h-px-2 v-inner-lg-2 v-inner-md-2 v-inner-2 style-1375 style-local-8157-c24 position-relative\">\n              <!---->\n              <!---->\n              <div class=\"w-100 h-y-container h-column__content h-column__v-align flex-basis-100 align-self-lg-start align-self-md-start align-self-start\">\n                <!---->\n                <div data-colibri-id=\"8157-c25\" class=\"h-text h-text-component style-1377 style-local-8157-c25 position-relative h-element\">\n                  <!---->\n                  <!---->\n                  <div class=\"\">\n                    <p>pour les adh\u00e9rents d\u00e9sirant jouer \u00e0 la PETANQUE RDV le mercredi 15 avril \u00e0 14:30 au club<\/p>\n                  <\/div>\n                <\/div>\n              <\/div>\n            <\/div>\n          <\/div>\n        <\/div>\n      <\/div>\n      <div data-colibri-id=\"8157-c26\" class=\"h-row-container gutters-row-lg-2 gutters-row-md-2 gutters-row-0 gutters-row-v-lg-2 gutters-row-v-md-2 gutters-row-v-2 style-1545 style-local-8157-c26 position-relative\">\n        <!---->\n        <div class=\"h-row justify-content-lg-center justify-content-md-center justify-content-center align-items-lg-stretch align-items-md-stretch align-items-stretch gutters-col-lg-2 gutters-col-md-2 gutters-col-0 gutters-col-v-lg-2 gutters-col-v-md-2 gutters-col-v-2\">\n          <!---->\n          <div class=\"h-column h-column-container d-flex h-col-lg-auto h-col-md-auto h-col-auto style-1546-outer style-local-8157-c27-outer\">\n            <div data-colibri-id=\"8157-c27\" class=\"d-flex h-flex-basis h-column__inner h-px-lg-2 h-px-md-2 h-px-2 v-inner-lg-2 v-inner-md-2 v-inner-2 style-1546 style-local-8157-c27 position-relative\">\n              <!---->\n              <!---->\n              <div class=\"w-100 h-y-container h-column__content h-column__v-align flex-basis-100 align-self-lg-start align-self-md-start align-self-start\">\n                <!---->\n                <div data-colibri-id=\"8157-c28\" class=\"h-text h-text-component style-1548 style-local-8157-c28 position-relative h-element\">\n                  <!---->\n                  <!---->\n                  <div class=\"\">\n                    <p><span style=\"font-family: Lemonada;\">&nbsp;&nbsp;&nbsp;Pour m\u00e9moire : 302&nbsp;<\/span><em style=\"font-family: Lemonada;\">adh\u00e9rents en 2025&nbsp;&nbsp;<\/em><\/p>\n                  <\/div>\n                <\/div>\n              <\/div>\n            <\/div>\n          <\/div>\n          <div class=\"h-column h-column-container d-flex h-col-lg-auto h-col-md-auto h-col-auto style-1547-outer style-local-8157-c29-outer\">\n            <div data-colibri-id=\"8157-c29\" class=\"d-flex h-flex-basis h-column__inner h-px-lg-2 h-px-md-2 h-px-2 v-inner-lg-2 v-inner-md-2 v-inner-2 style-1547 style-local-8157-c29 position-relative\">\n              <!---->\n              <!---->\n              <div class=\"w-100 h-y-container h-column__content h-column__v-align flex-basis-100 align-self-lg-start align-self-md-start align-self-start\">\n                <!---->\n                <div data-colibri-id=\"8157-c30\" class=\"h-text h-text-component style-1549 style-local-8157-c30 position-relative h-element\">\n                  <!---->\n                  <!---->\n                  <div class=\"\">\n                    <p>&nbsp;les \u00e9lus du Conseil ont Rdv salle Pierre GUEDOU le dimanche 12 avril 2026 \u00e0 9:00 ; pour la mise en place des tables rdv \u00e0 8:30&nbsp; &nbsp; &nbsp; &nbsp;merci&nbsp; &nbsp; &nbsp; &nbsp; la pr\u00e9sidente<\/p>\n                  <\/div>\n                <\/div>\n              <\/div>\n            <\/div>\n          <\/div>\n        <\/div>\n      <\/div>\n      <div data-colibri-id=\"8157-c3\" class=\"h-row-container gutters-row-lg-2 gutters-row-md-2 gutters-row-0 gutters-row-v-lg-2 gutters-row-v-md-2 gutters-row-v-2 style-1366 style-local-8157-c3 position-relative\">\n        <!---->\n        <div class=\"h-row justify-content-lg-center justify-content-md-center justify-content-center align-items-lg-stretch align-items-md-stretch align-items-stretch gutters-col-lg-2 gutters-col-md-2 gutters-col-0 gutters-col-v-lg-2 gutters-col-v-md-2 gutters-col-v-2\">\n          <!---->\n          <div class=\"h-column h-column-container d-flex h-col-lg-3 h-col-md-3 h-col-6 style-1367-outer style-local-8157-c4-outer\">\n            <div data-colibri-id=\"8157-c4\" class=\"d-flex h-flex-basis h-column__inner h-px-lg-2 h-px-md-2 h-px-2 v-inner-lg-2 v-inner-md-2 v-inner-2 style-1367 style-local-8157-c4 position-relative\">\n              <!---->\n              <!---->\n              <div class=\"w-100 h-y-container h-column__content h-column__v-align flex-basis-100 align-self-lg-start align-self-md-start align-self-start\">\n                <!---->\n                <div data-colibri-id=\"8157-c5\" class=\"h-icon style-1368 style-local-8157-c5 position-relative h-element\">\n                  <!----><span class=\"h-svg-icon h-icon__icon style-1368-icon style-local-8157-c5-icon\"><!--Icon by Icons8 Line Awesome (https:\/\/icons8.com\/line-awesome)--><svg version=\"1.1\" xmlns=\"http:\/\/www.w3.org\/2000\/svg\" xmlns:xlink=\"http:\/\/www.w3.org\/1999\/xlink\" id=\"certificate\" viewBox=\"0 0 512 545.5\"><path d=\"M256 80c9.983 0 19.968 3.405 28.5 9.5L311 108l30 4h.5c21.032 2.554 37.638 19.561 40.5 40.5.053.387.457.61.5 1h-.5l6 30 18.5 26.5c12.19 17.064 11.676 39.618.5 57.5v.5l-.5.5L388 295l-4 30 50 76 16.5 24.5H374l-18.5 43L344 496l-16.5-25-50.5-76c-13.095 6.064-28.457 5.585-42 0l-50.5 76-16.5 25-11.5-27.5-18.5-43H61.5L78 401l51.5-78.5-5-27.5-19-26.5c-12.19-17.064-11.676-40.118-.5-58v-.5l.5-.5 18.5-24 4-31v-.5l.5-.5c4.534-20.402 20.598-36.466 41-41l.5-.5h.5l30.5-4 26.5-18.5c8.532-6.095 18.517-9.5 28.5-9.5zm0 32.5c-3.666 0-7.332 1.095-10 3L217.5 136l-3.5 2.5-4 .5-33.5 4.5c-.247.055-.257.438-.5.5-7.79 2.005-13.995 8.21-16 16-.063.243-.445.253-.5.5L155 194l-.5 4.5-2.5 3-20 26c-4.824 7.72-4.31 17.165-.5 22.5l20.5 28.5 2.5 3 .5 4 6.5 36.5v1c.246 2.212 1.006 4.255 2 6 2.224 3.903 6.053 6.45 11 7h.5l35 5 4.5.5 3 2.5 26 20c7.72 4.824 17.165 4.31 22.5.5l28.5-20.5 3-2.5 4-.5 36.5-6.5h1c4.002-.444 7.192-2.272 9.5-5v-.5l1-.5c1.337-1.955 2.207-4.365 2.5-7v-.5l5-35 .5-4 2.5-3.5 20-28c4.824-7.72 4.31-16.665.5-22L360 200l-2.5-3-.5-3.5-6.5-35.5v-1c-.796-7.16-5.84-12.204-13-13h-.5l-35-5-4-.5-3.5-2.5-28.5-20.5c-2.668-1.905-6.334-3-10-3zM366.5 356c-6.544 5.165-14.402 8.824-23 10-.387.053-.61.457-1 .5v-.5l-31.5 5.5-7.5 5.5 34 52 11-25.5 4-10H391zm-221 .5l-24.5 37h38.5l4 10 11 25.5 34-51.5-7-5.5-30.5-4c-.157-.018-.343.02-.5 0-9.517-1.155-18.16-5.4-25-11.5z\"><\/path><\/svg><\/span><\/div>\n                <div\n                  data-colibri-component=\"counter\" data-colibri-id=\"8157-c6\" class=\"h-counter style-1369 style-local-8157-c6 position-relative h-element\">\n                  <!---->\n                  <div class=\"d-inline-block container-counters\">\n                    <div class=\"counter-title d-flex title-number justify-content-lg-center justify-content-md-center justify-content-center\">\n                      Assembl\u00e9e G\u00e9n\u00e9rale le jeudi 22 janvier\n                    <\/div>\n                    <div class=\"counter-container d-flex justify-content-lg-center justify-content-md-center justify-content-center\">\n                      <!---->\n                      <div class=\"d-flex align-items-center\">\n                        <!----><span class=\"h-counter-control simple-counter colibri-counter-4 \">\n  100\n<\/span><\/div>\n                    <\/div>\n                  <\/div>\n              <\/div>\n            <\/div>\n          <\/div>\n        <\/div>\n        <div class=\"h-column h-column-container d-flex h-col-lg-3 h-col-md-3 h-col-6 style-1367-outer style-local-8157-c7-outer\">\n          <div data-colibri-id=\"8157-c7\" class=\"d-flex h-flex-basis h-column__inner h-px-lg-2 h-px-md-2 h-px-2 v-inner-lg-2 v-inner-md-2 v-inner-2 style-1367 style-local-8157-c7 position-relative\">\n            <!---->\n            <!---->\n            <div class=\"w-100 h-y-container h-column__content h-column__v-align flex-basis-100 align-self-lg-start align-self-md-start align-self-start\">\n              <!---->\n              <div data-colibri-id=\"8157-c8\" class=\"h-icon style-1368 style-local-8157-c8 position-relative h-element\">\n                <!----><span class=\"h-svg-icon h-icon__icon style-1368-icon style-local-8157-c8-icon\"><!--Icon by Icons8 Line Awesome (https:\/\/icons8.com\/line-awesome)--><svg version=\"1.1\" xmlns=\"http:\/\/www.w3.org\/2000\/svg\" xmlns:xlink=\"http:\/\/www.w3.org\/1999\/xlink\" id=\"group\" viewBox=\"0 0 512 545.5\"><path d=\"M128 144c52.83 0 96 43.17 96 96 0 31.74-15.602 60-39.5 77.5 23.336 11.593 42.876 29.785 55.5 52.5 12.624-22.715 32.164-40.907 55.5-52.5C271.602 300 256 271.74 256 240c0-52.83 43.17-96 96-96s96 43.17 96 96c0 31.74-15.602 60-39.5 77.5C450.7 338.465 480 381.827 480 432h-32c0-53.21-42.79-96-96-96s-96 42.79-96 96h-32c0-53.21-42.79-96-96-96s-96 42.79-96 96H0c0-50.173 29.3-93.535 71.5-114.5C47.602 300 32 271.74 32 240c0-52.83 43.17-96 96-96zm0 32c-35.536 0-64 28.464-64 64s28.464 64 64 64 64-28.464 64-64-28.464-64-64-64zm224 0c-35.536 0-64 28.464-64 64s28.464 64 64 64 64-28.464 64-64-28.464-64-64-64z\"><\/path><\/svg><\/span><\/div>\n              <div\n                data-colibri-component=\"counter\" data-colibri-id=\"8157-c9\" class=\"h-counter style-1369 style-local-8157-c9 position-relative h-element\">\n                <!---->\n                <div class=\"d-inline-block container-counters\">\n                  <div class=\"counter-title d-flex title-number justify-content-lg-center justify-content-md-center justify-content-center\">\n                    Adh\u00e9rents 2026\n                  <\/div>\n                  <div class=\"counter-container d-flex justify-content-lg-center justify-content-md-center justify-content-center\">\n                    <!---->\n                    <div class=\"d-flex align-items-center\">\n                      <!----><span class=\"h-counter-control simple-counter colibri-counter-4 \">\n  100\n<\/span><\/div>\n                  <\/div>\n                <\/div>\n            <\/div>\n          <\/div>\n        <\/div>\n      <\/div>\n      <div class=\"h-column h-column-container d-flex h-col-lg-3 h-col-md-3 h-col-6 style-1367-outer style-local-8157-c10-outer\">\n        <div data-colibri-id=\"8157-c10\" class=\"d-flex h-flex-basis h-column__inner h-px-lg-2 h-px-md-2 h-px-2 v-inner-lg-2 v-inner-md-2 v-inner-2 style-1367 style-local-8157-c10 position-relative\">\n          <!---->\n          <!---->\n          <div class=\"w-100 h-y-container h-column__content h-column__v-align flex-basis-100 align-self-lg-start align-self-md-start align-self-start\">\n            <!---->\n            <div data-colibri-id=\"8157-c11\" class=\"h-icon style-1368 style-local-8157-c11 position-relative h-element\">\n              <!----><span class=\"h-svg-icon h-icon__icon style-1368-icon style-local-8157-c11-icon\"><!--Icon by Icons8 Line Awesome (https:\/\/icons8.com\/line-awesome)--><svg version=\"1.1\" xmlns=\"http:\/\/www.w3.org\/2000\/svg\" xmlns:xlink=\"http:\/\/www.w3.org\/1999\/xlink\" id=\"leaf\" viewBox=\"0 0 512 545.5\"><path d=\"M400.5 96l5 17.5s26.5 89.852 26.5 215c0 63.926-14.74 106.186-37.5 132.5s-52.894 35-77.5 35c-27.645 0-51.295-12.546-70-25.5s-34.633-27.689-37.5-29.5l17-27c11.26 7.116 22.365 18.826 38.5 30s34.764 20 52 20c17.33 0 36.812-5.282 53-24s30-52.515 30-111.5c0-104.02-16.347-170.547-21.5-190-55.068 20.418-119.215 29.69-171 48-28.617 10.117-52.54 22.984-69 41S112 268.736 112 304c0 31.01 16.935 50.286 35.5 63.5 9.643 6.863 18.992 11.174 26 14 27.515-43.906 69.69-98.517 135-168.5l23 22c-108.93 116.724-150.854 189.68-166 234-7.573 22.16-8.485 37.122-8 48s3.47 16.933 2.5 28.5l-32-3c-.026.32-1.855-9.552-2.5-24s.755-34.41 9.5-60c4.84-14.16 12.1-30.69 22-49-8.192-3.648-17.916-8.822-28-16-23.634-16.82-49-46.35-49-89.5 0-41.68 13.332-74.283 35-98s50.693-38.432 82-49.5c62.614-22.137 136.144-30.534 187-53z\"><\/path><\/svg><\/span><\/div>\n            <div\n              data-colibri-component=\"counter\" data-colibri-id=\"8157-c12\" class=\"h-counter style-1369 style-local-8157-c12 position-relative h-element\">\n              <!---->\n              <div class=\"d-inline-block container-counters\">\n                <div class=\"counter-title d-flex title-number justify-content-lg-center justify-content-md-center justify-content-center\">\n                  Membres du Conseil\n                <\/div>\n                <div class=\"counter-container d-flex justify-content-lg-center justify-content-md-center justify-content-center\">\n                  <!---->\n                  <div class=\"d-flex align-items-center\">\n                    <!----><span class=\"h-counter-control simple-counter colibri-counter-4 \">\n  0\n<\/span><\/div>\n                <\/div>\n              <\/div>\n          <\/div>\n        <\/div>\n      <\/div>\n    <\/div>\n    <div class=\"h-column h-column-container d-flex h-col-lg-3 h-col-md-3 h-col-6 style-1367-outer style-local-8157-c13-outer\">\n      <div data-colibri-id=\"8157-c13\" class=\"d-flex h-flex-basis h-column__inner h-px-lg-2 h-px-md-2 h-px-2 v-inner-lg-2 v-inner-md-2 v-inner-2 style-1367 style-local-8157-c13 position-relative\">\n        <!---->\n        <!---->\n        <div class=\"w-100 h-y-container h-column__content h-column__v-align flex-basis-100 align-self-lg-start align-self-md-start align-self-start\">\n          <!---->\n          <div data-colibri-id=\"8157-c14\" class=\"h-icon style-1368 style-local-8157-c14 position-relative h-element\">\n            <!----><span class=\"h-svg-icon h-icon__icon style-1368-icon style-local-8157-c14-icon\"><!--Icon by Icons8 Line Awesome (https:\/\/icons8.com\/line-awesome)--><svg version=\"1.1\" xmlns=\"http:\/\/www.w3.org\/2000\/svg\" xmlns:xlink=\"http:\/\/www.w3.org\/1999\/xlink\" id=\"thumbs-up\" viewBox=\"0 0 512 545.5\"><path d=\"M267 80h6.5c25.858 0 46.525 19.68 46.5 42.5 0 21.38-7.486 37.233-15 47.5-4.696 6.416-6.75 7.5-10 10l-3 12h92c30.214 0 53.334 28.463 47 58l-34.5 160c-4.73 22.034-24.458 38-47 38H80V192h73.5L262 84.5zm11.5 33.5L176 214.5V416h173.5c7.634 0 14.396-5.03 16-12.5l34-160c2.21-10.304-4.945-19.5-15.5-19.5H250.5l5-20 9.5-36 2-6.5 5.5-3s2.865-1.35 7-7 8.5-14.557 8.5-29c.006-4.922-2.76-7.692-9.5-9zM112 224v192h32V224h-32z\"><\/path><\/svg><\/span><\/div>\n          <div\n            data-colibri-component=\"counter\" data-colibri-id=\"8157-c15\" class=\"h-counter style-1369 style-local-8157-c15 position-relative h-element\">\n            <!---->\n            <div class=\"d-inline-block container-counters\">\n              <div class=\"counter-title d-flex title-number justify-content-lg-center justify-content-md-center justify-content-center\">\n                inscriptions pour le \u00ab\u00a0Repas F\u00eate des M\u00e8res\u00a0\u00bb le 31 mai 2026\n              <\/div>\n              <div class=\"counter-container d-flex justify-content-lg-center justify-content-md-center justify-content-center\">\n                <!---->\n                <div class=\"d-flex align-items-center\">\n                  <!----><span class=\"h-counter-control simple-counter colibri-counter-4 \">\n  1\n<\/span><\/div>\n              <\/div>\n            <\/div>\n        <\/div>\n      <\/div>\n    <\/div>\n  <\/div>\n<\/div>\n<\/div>\n<div data-colibri-id=\"8157-c16\" class=\"h-row-container gutters-row-lg-2 gutters-row-md-2 gutters-row-0 gutters-row-v-lg-2 gutters-row-v-md-2 gutters-row-v-2 style-1841 style-local-8157-c16 position-relative\">\n  <!---->\n  <div class=\"h-row justify-content-lg-center justify-content-md-center justify-content-center align-items-lg-stretch align-items-md-stretch align-items-stretch gutters-col-lg-2 gutters-col-md-2 gutters-col-0 gutters-col-v-lg-2 gutters-col-v-md-2 gutters-col-v-2\">\n    <!---->\n    <div class=\"h-column h-column-container d-flex h-col-lg-auto h-col-md-auto h-col-auto style-1842-outer style-local-8157-c17-outer\">\n      <div data-colibri-id=\"8157-c17\" class=\"d-flex h-flex-basis h-column__inner h-ui-empty-state-container h-px-lg-2 h-px-md-2 h-px-2 v-inner-lg-2 v-inner-md-2 v-inner-2 style-1842 style-local-8157-c17 position-relative\">\n        <!---->\n        <!---->\n        <div class=\"w-100 h-y-container h-column__content h-column__v-align flex-basis-100\">\n          <!---->\n        <\/div>\n      <\/div>\n    <\/div>\n  <\/div>\n<\/div>\n<\/div>\n<\/div>\n<\/div>","protected":false},"excerpt":{"rendered":"<p>Le club Poigny en quelques chiffres au 27\/04\/2026&nbsp; 11:30 Adh\u00e9sion 13\u20ac pour 2026 (1er janvier au 31 d\u00e9cembre) pour les adh\u00e9rents d\u00e9sirant jouer \u00e0 la PETANQUE RDV le mercredi 15 avril \u00e0 14:30 au club &nbsp;&nbsp;&nbsp;Pour m\u00e9moire : 302&nbsp;adh\u00e9rents en 2025&nbsp;&nbsp; &nbsp;les \u00e9lus du Conseil ont Rdv salle Pierre GUEDOU le dimanche 12 avril 2026 [&hellip;]<\/p>\n","protected":false},"author":1,"featured_media":0,"parent":0,"menu_order":0,"comment_status":"closed","ping_status":"closed","template":"page-templates\/full-width-page.php","meta":{"footnotes":""},"class_list":["post-8157","page","type-page","status-publish","hentry"],"jetpack_likes_enabled":true,"jetpack_sharing_enabled":true,"_links":{"self":[{"href":"https:\/\/capoigny.fr\/index.php\/wp-json\/wp\/v2\/pages\/8157","targetHints":{"allow":["GET"]}}],"collection":[{"href":"https:\/\/capoigny.fr\/index.php\/wp-json\/wp\/v2\/pages"}],"about":[{"href":"https:\/\/capoigny.fr\/index.php\/wp-json\/wp\/v2\/types\/page"}],"author":[{"embeddable":true,"href":"https:\/\/capoigny.fr\/index.php\/wp-json\/wp\/v2\/users\/1"}],"replies":[{"embeddable":true,"href":"https:\/\/capoigny.fr\/index.php\/wp-json\/wp\/v2\/comments?post=8157"}],"version-history":[{"count":20,"href":"https:\/\/capoigny.fr\/index.php\/wp-json\/wp\/v2\/pages\/8157\/revisions"}],"predecessor-version":[{"id":26532,"href":"https:\/\/capoigny.fr\/index.php\/wp-json\/wp\/v2\/pages\/8157\/revisions\/26532"}],"wp:attachment":[{"href":"https:\/\/capoigny.fr\/index.php\/wp-json\/wp\/v2\/media?parent=8157"}],"curies":[{"name":"wp","href":"https:\/\/api.w.org\/{rel}","templated":true}]}}